{"id":27,"date":"2019-03-14T04:02:40","date_gmt":"2019-03-14T04:02:40","guid":{"rendered":"https:\/\/explora.cl\/nuble\/?page_id=27"},"modified":"2019-06-05T15:02:00","modified_gmt":"2019-06-05T15:02:00","slug":"biblioteca-digital","status":"publish","type":"page","link":"https:\/\/explora.cl\/nuble\/biblioteca-digital\/","title":{"rendered":"Biblioteca Digital"},"content":{"rendered":"<p style=\"text-align: center\"><a href=\"https:\/\/explora.cl\/nuble\/wp-content\/uploads\/sites\/10\/2019\/06\/brouchure_explora_online.pdf\"><img fetchpriority=\"high\" decoding=\"async\" class=\"wp-image-33813 size-medium aligncenter\" src=\"https:\/\/explora.cl\/nuble\/wp-content\/uploads\/sites\/10\/2019\/06\/Portada-300x300.png\" alt=\"\" width=\"300\" height=\"300\" srcset=\"https:\/\/explora.cl\/nuble\/wp-content\/uploads\/sites\/10\/2019\/06\/Portada-300x300.png 300w, https:\/\/explora.cl\/nuble\/wp-content\/uploads\/sites\/10\/2019\/06\/Portada-150x150.png 150w, https:\/\/explora.cl\/nuble\/wp-content\/uploads\/sites\/10\/2019\/06\/Portada-60x60.png 60w, https:\/\/explora.cl\/nuble\/wp-content\/uploads\/sites\/10\/2019\/06\/Portada.png 525w\" sizes=\"(max-width: 300px) 100vw, 300px\" \/><\/a><br \/>\n<a href=\"https:\/\/explora.cl\/nuble\/wp-content\/uploads\/sites\/10\/2019\/06\/brouchure_explora_online.pdf\">Presentaci\u00f3n PAR Explora \u00d1uble<\/a><\/p>\n<p style=\"text-align: center\"><a href=\"https:\/\/explora.cl\/nuble\/wp-content\/uploads\/sites\/10\/2019\/06\/triptico.pdf\">Tr\u00edptico<\/a><\/p>\n","protected":false},"excerpt":{"rendered":"<p>Presentaci\u00f3n PAR Explora \u00d1uble Tr\u00edptico<\/p>\n","protected":false},"author":2,"featured_media":33813,"parent":0,"menu_order":0,"comment_status":"closed","ping_status":"closed","template":"","meta":{"_acf_changed":false,"_exactmetrics_skip_tracking":false,"_exactmetrics_sitenote_active":false,"_exactmetrics_sitenote_note":"","_exactmetrics_sitenote_category":0,"footnotes":"","_links_to":"","_links_to_target":""},"class_list":["post-27","page","type-page","status-publish","has-post-thumbnail","hentry"],"acf":[],"yoast_head":"<!-- This site is optimized with the Yoast SEO plugin v26.9 - https:\/\/yoast.com\/product\/yoast-seo-wordpress\/ -->\n<title>Biblioteca Digital - \u00d1uble<\/title>\n<meta name=\"robots\" content=\"index, follow, max-snippet:-1, max-image-preview:large, max-video-preview:-1\" \/>\n<link rel=\"canonical\" href=\"https:\/\/explora.cl\/nuble\/biblioteca-digital\/\" class=\"yoast-seo-meta-tag\" \/>\n<meta property=\"og:locale\" content=\"es_ES\" class=\"yoast-seo-meta-tag\" \/>\n<meta property=\"og:type\" content=\"article\" class=\"yoast-seo-meta-tag\" \/>\n<meta property=\"og:title\" content=\"Biblioteca Digital - \u00d1uble\" class=\"yoast-seo-meta-tag\" \/>\n<meta property=\"og:description\" content=\"Presentaci\u00f3n PAR Explora \u00d1uble Tr\u00edptico\" class=\"yoast-seo-meta-tag\" \/>\n<meta property=\"og:url\" content=\"https:\/\/explora.cl\/nuble\/biblioteca-digital\/\" class=\"yoast-seo-meta-tag\" \/>\n<meta property=\"og:site_name\" content=\"\u00d1uble\" class=\"yoast-seo-meta-tag\" \/>\n<meta property=\"article:modified_time\" content=\"2019-06-05T15:02:00+00:00\" class=\"yoast-seo-meta-tag\" \/>\n<meta property=\"og:image\" content=\"https:\/\/explora.cl\/nuble\/wp-content\/uploads\/sites\/10\/2019\/06\/Portada.png\" class=\"yoast-seo-meta-tag\" \/>\n\t<meta property=\"og:image:width\" content=\"525\" class=\"yoast-seo-meta-tag\" \/>\n\t<meta property=\"og:image:height\" content=\"527\" class=\"yoast-seo-meta-tag\" \/>\n\t<meta property=\"og:image:type\" content=\"image\/png\" class=\"yoast-seo-meta-tag\" \/>\n<meta name=\"twitter:card\" content=\"summary_large_image\" class=\"yoast-seo-meta-tag\" \/>\n<script type=\"application\/ld+json\" class=\"yoast-schema-graph\">{\"@context\":\"https:\/\/schema.org\",\"@graph\":[{\"@type\":\"WebPage\",\"@id\":\"https:\/\/explora.cl\/nuble\/biblioteca-digital\/\",\"url\":\"https:\/\/explora.cl\/nuble\/biblioteca-digital\/\",\"name\":\"Biblioteca Digital - \u00d1uble\",\"isPartOf\":{\"@id\":\"https:\/\/explora.cl\/nuble\/#website\"},\"primaryImageOfPage\":{\"@id\":\"https:\/\/explora.cl\/nuble\/biblioteca-digital\/#primaryimage\"},\"image\":{\"@id\":\"https:\/\/explora.cl\/nuble\/biblioteca-digital\/#primaryimage\"},\"thumbnailUrl\":\"https:\/\/explora.cl\/nuble\/wp-content\/uploads\/sites\/10\/2019\/06\/Portada.png\",\"datePublished\":\"2019-03-14T04:02:40+00:00\",\"dateModified\":\"2019-06-05T15:02:00+00:00\",\"breadcrumb\":{\"@id\":\"https:\/\/explora.cl\/nuble\/biblioteca-digital\/#breadcrumb\"},\"inLanguage\":\"es-CL\",\"potentialAction\":[{\"@type\":\"ReadAction\",\"target\":[\"https:\/\/explora.cl\/nuble\/biblioteca-digital\/\"]}]},{\"@type\":\"ImageObject\",\"inLanguage\":\"es-CL\",\"@id\":\"https:\/\/explora.cl\/nuble\/biblioteca-digital\/#primaryimage\",\"url\":\"https:\/\/explora.cl\/nuble\/wp-content\/uploads\/sites\/10\/2019\/06\/Portada.png\",\"contentUrl\":\"https:\/\/explora.cl\/nuble\/wp-content\/uploads\/sites\/10\/2019\/06\/Portada.png\",\"width\":525,\"height\":527},{\"@type\":\"BreadcrumbList\",\"@id\":\"https:\/\/explora.cl\/nuble\/biblioteca-digital\/#breadcrumb\",\"itemListElement\":[{\"@type\":\"ListItem\",\"position\":1,\"name\":\"Portada\",\"item\":\"https:\/\/explora.cl\/nuble\/\"},{\"@type\":\"ListItem\",\"position\":2,\"name\":\"Biblioteca Digital\"}]},{\"@type\":\"WebSite\",\"@id\":\"https:\/\/explora.cl\/nuble\/#website\",\"url\":\"https:\/\/explora.cl\/nuble\/\",\"name\":\"\u00d1uble\",\"description\":\"Otro sitio m\u00e1s de explora.cl\",\"potentialAction\":[{\"@type\":\"SearchAction\",\"target\":{\"@type\":\"EntryPoint\",\"urlTemplate\":\"https:\/\/explora.cl\/nuble\/?s={search_term_string}\"},\"query-input\":{\"@type\":\"PropertyValueSpecification\",\"valueRequired\":true,\"valueName\":\"search_term_string\"}}],\"inLanguage\":\"es-CL\"}]}<\/script>\n<!-- \/ Yoast SEO plugin. -->","yoast_head_json":{"title":"Biblioteca Digital - \u00d1uble","robots":{"index":"index","follow":"follow","max-snippet":"max-snippet:-1","max-image-preview":"max-image-preview:large","max-video-preview":"max-video-preview:-1"},"canonical":"https:\/\/explora.cl\/nuble\/biblioteca-digital\/","og_locale":"es_ES","og_type":"article","og_title":"Biblioteca Digital - \u00d1uble","og_description":"Presentaci\u00f3n PAR Explora \u00d1uble Tr\u00edptico","og_url":"https:\/\/explora.cl\/nuble\/biblioteca-digital\/","og_site_name":"\u00d1uble","article_modified_time":"2019-06-05T15:02:00+00:00","og_image":[{"width":525,"height":527,"url":"https:\/\/explora.cl\/nuble\/wp-content\/uploads\/sites\/10\/2019\/06\/Portada.png","type":"image\/png"}],"twitter_card":"summary_large_image","schema":{"@context":"https:\/\/schema.org","@graph":[{"@type":"WebPage","@id":"https:\/\/explora.cl\/nuble\/biblioteca-digital\/","url":"https:\/\/explora.cl\/nuble\/biblioteca-digital\/","name":"Biblioteca Digital - \u00d1uble","isPartOf":{"@id":"https:\/\/explora.cl\/nuble\/#website"},"primaryImageOfPage":{"@id":"https:\/\/explora.cl\/nuble\/biblioteca-digital\/#primaryimage"},"image":{"@id":"https:\/\/explora.cl\/nuble\/biblioteca-digital\/#primaryimage"},"thumbnailUrl":"https:\/\/explora.cl\/nuble\/wp-content\/uploads\/sites\/10\/2019\/06\/Portada.png","datePublished":"2019-03-14T04:02:40+00:00","dateModified":"2019-06-05T15:02:00+00:00","breadcrumb":{"@id":"https:\/\/explora.cl\/nuble\/biblioteca-digital\/#breadcrumb"},"inLanguage":"es-CL","potentialAction":[{"@type":"ReadAction","target":["https:\/\/explora.cl\/nuble\/biblioteca-digital\/"]}]},{"@type":"ImageObject","inLanguage":"es-CL","@id":"https:\/\/explora.cl\/nuble\/biblioteca-digital\/#primaryimage","url":"https:\/\/explora.cl\/nuble\/wp-content\/uploads\/sites\/10\/2019\/06\/Portada.png","contentUrl":"https:\/\/explora.cl\/nuble\/wp-content\/uploads\/sites\/10\/2019\/06\/Portada.png","width":525,"height":527},{"@type":"BreadcrumbList","@id":"https:\/\/explora.cl\/nuble\/biblioteca-digital\/#breadcrumb","itemListElement":[{"@type":"ListItem","position":1,"name":"Portada","item":"https:\/\/explora.cl\/nuble\/"},{"@type":"ListItem","position":2,"name":"Biblioteca Digital"}]},{"@type":"WebSite","@id":"https:\/\/explora.cl\/nuble\/#website","url":"https:\/\/explora.cl\/nuble\/","name":"\u00d1uble","description":"Otro sitio m\u00e1s de explora.cl","potentialAction":[{"@type":"SearchAction","target":{"@type":"EntryPoint","urlTemplate":"https:\/\/explora.cl\/nuble\/?s={search_term_string}"},"query-input":{"@type":"PropertyValueSpecification","valueRequired":true,"valueName":"search_term_string"}}],"inLanguage":"es-CL"}]}},"_links":{"self":[{"href":"https:\/\/explora.cl\/nuble\/wp-json\/wp\/v2\/pages\/27","targetHints":{"allow":["GET"]}}],"collection":[{"href":"https:\/\/explora.cl\/nuble\/wp-json\/wp\/v2\/pages"}],"about":[{"href":"https:\/\/explora.cl\/nuble\/wp-json\/wp\/v2\/types\/page"}],"author":[{"embeddable":true,"href":"https:\/\/explora.cl\/nuble\/wp-json\/wp\/v2\/users\/2"}],"replies":[{"embeddable":true,"href":"https:\/\/explora.cl\/nuble\/wp-json\/wp\/v2\/comments?post=27"}],"version-history":[{"count":5,"href":"https:\/\/explora.cl\/nuble\/wp-json\/wp\/v2\/pages\/27\/revisions"}],"predecessor-version":[{"id":33817,"href":"https:\/\/explora.cl\/nuble\/wp-json\/wp\/v2\/pages\/27\/revisions\/33817"}],"wp:featuredmedia":[{"embeddable":true,"href":"https:\/\/explora.cl\/nuble\/wp-json\/wp\/v2\/media\/33813"}],"wp:attachment":[{"href":"https:\/\/explora.cl\/nuble\/wp-json\/wp\/v2\/media?parent=27"}],"curies":[{"name":"wp","href":"https:\/\/api.w.org\/{rel}","templated":true}]}}