{"id":33076,"date":"2019-04-10T03:33:44","date_gmt":"2019-04-10T03:33:44","guid":{"rendered":"https:\/\/explora.cl\/coquimbo\/?page_id=33076"},"modified":"2024-03-26T17:46:02","modified_gmt":"2024-03-26T20:46:02","slug":"quienes-somos","status":"publish","type":"page","link":"https:\/\/explora.cl\/coquimbo\/quienes-somos\/","title":{"rendered":"Qui\u00e9nes Somos"},"content":{"rendered":"<div id=\"dslc-main\">\n<div  class=\"dslc-modules-section \" style=\"\" data-section-id=\"02761bfcdd5\">\n<div class=\"dslc-modules-section-wrapper dslc-clearfix\">\n<div class=\"dslc-modules-area dslc-col dslc-1-col dslc-first-col\" data-size=\"1\" data-valign=\"\">\n<div id=\"dslc-module-acccc216706\" class=\"dslc-module-front dslc-module-DSLC_Text_Simple dslc-in-viewport-check dslc-in-viewport-anim-none  dslc-col dslc-12-col dslc-last-col dslc-hide-on-phone  dslc-module-handle-like-regular \" data-module-id=\"acccc216706\" data-module=\"DSLC_Text_Simple\" data-dslc-module-size=\"12\" data-dslc-anim=\"none\" data-dslc-anim-delay=\"\" data-dslc-anim-duration=\"650\"  data-dslc-anim-easing=\"ease\" data-dslc-preset=\"none\" >\n<div class=\"dslc-text-module-content\">\n<p>\u00a0<\/p>\n<p>\u00a0<\/p>\n<\/p><\/div>\n<\/p><\/div>\n<p><!-- .dslc-module -->\n\t\t<\/div>\n<div class=\"dslc-modules-area dslc-col dslc-10-col \" data-size=\"10\" data-valign=\"\">\n<div id=\"dslc-module-c99ee7ae23d\" class=\"dslc-module-front dslc-module-DSLC_Text_Simple dslc-in-viewport-check dslc-in-viewport-anim-none  dslc-col dslc-12-col dslc-last-col  dslc-module-handle-like-regular \" data-module-id=\"c99ee7ae23d\" data-module=\"DSLC_Text_Simple\" data-dslc-module-size=\"12\" data-dslc-anim=\"none\" data-dslc-anim-delay=\"\" data-dslc-anim-duration=\"650\"  data-dslc-anim-easing=\"ease\" data-dslc-preset=\"none\" >\n<div class=\"dslc-text-module-content\">\n<p><a href=\"https:\/\/explora.cl\" rel=\"noopener\">Home<\/a> \/ <a href=\"https:\/\/explora.cl\/coquimbo\/\">Coquimbo<\/a> \/\u00a0Qui\u00e9nes Somos<\/p>\n<\/p><\/div>\n<\/p><\/div>\n<p><!-- .dslc-module --><\/p>\n<div id=\"dslc-module-269995a9459\" class=\"dslc-module-front dslc-module-DSLC_Separator dslc-in-viewport-check dslc-in-viewport-anim-none  dslc-col dslc-12-col dslc-last-col  dslc-module-handle-like-regular \" data-module-id=\"269995a9459\" data-module=\"DSLC_Separator\" data-dslc-module-size=\"12\" data-dslc-anim=\"none\" data-dslc-anim-delay=\"\" data-dslc-anim-duration=\"650\"  data-dslc-anim-easing=\"ease\" data-dslc-preset=\"none\" >\n<div class=\"dslc-separator-wrapper\">\n<div class=\"dslc-separator dslc-separator-style-solid\">\n\t\t\t\t\t\t\t\t\t<\/div>\n<div><\/div>\n<\/p><\/div>\n<p><!-- .dslc-separator-wrapper --><\/p><\/div>\n<p><!-- .dslc-module --><\/p>\n<div id=\"dslc-module-eec494e2cae\" class=\"dslc-module-front dslc-module-DSLC_Text_Simple dslc-in-viewport-check dslc-in-viewport-anim-none  dslc-col dslc-12-col dslc-last-col  dslc-module-handle-like-regular \" data-module-id=\"eec494e2cae\" data-module=\"DSLC_Text_Simple\" data-dslc-module-size=\"12\" data-dslc-anim=\"none\" data-dslc-anim-delay=\"\" data-dslc-anim-duration=\"650\"  data-dslc-anim-easing=\"ease\" data-dslc-preset=\"none\" >\n<div class=\"dslc-text-module-content\">\n<p>QUI\u00c9NES SOMOS<\/p>\n<\/p><\/div>\n<\/p><\/div>\n<p><!-- .dslc-module --><\/p>\n<div id=\"dslc-module-ba6f94f98ef\" class=\"dslc-module-front dslc-module-DSLC_Html dslc-in-viewport-check dslc-in-viewport-anim-none  dslc-col dslc-12-col dslc-last-col  dslc-module-handle-like-regular \" data-module-id=\"ba6f94f98ef\" data-module=\"DSLC_Html\" data-dslc-module-size=\"12\" data-dslc-anim=\"none\" data-dslc-anim-delay=\"\" data-dslc-anim-duration=\"650\"  data-dslc-anim-easing=\"ease\" data-dslc-preset=\"none\" >\n<div class=\"dslc-html-module-content\">\n<div class=\"diaphragm\">\n    Mersin&#8217;deki kaliteli <a href=\"https:\/\/www.mersinturkocagi.org\/\">eskort mersin<\/a> bayanlar\u0131n\u0131 ke\u015ffedin ve Samsun&#8217;da<br \/>\n    <a href=\"https:\/\/www.samsunescortbayan.biz\/\">atakent escort<\/a> ile e\u011flenin.\n<\/div>\n<div class=\"gatsby\">\n    E\u015fsiz bir deneyim i\u00e7in <a href=\"https:\/\/miladyescorts.com\/escort-category\/anadolu-yakasi\/\">escort anadolu yakas\u0131<\/a> bayanlar\u0131 ile tan\u0131\u015f\u0131n.<br \/>\n    Size \u00f6zel hizmetler burada!\n<\/div>\n<div class=\"conditioning\">\n    Harika bir <a href=\"https:\/\/www.istanbultaksi.org\/\">istanbul elit escort<\/a> etkinli\u011fi planlay\u0131n, sonra<br \/>\n    <a href=\"https:\/\/goefast.com\/\">bak\u0131rk\u00f6y gece hayat\u0131<\/a> ile tan\u0131\u015farak geceyi bitirin.\n<\/div>\n<\/div><\/div>\n<p><!-- .dslc-module --><\/p>\n<div id=\"dslc-module-24c1136178c\" class=\"dslc-module-front dslc-module-DSLC_TP_Content dslc-in-viewport-check dslc-in-viewport-anim-none  dslc-col dslc-12-col dslc-last-col  dslc-module-handle-like-regular \" data-module-id=\"24c1136178c\" data-module=\"DSLC_TP_Content\" data-dslc-module-size=\"12\" data-dslc-anim=\"none\" data-dslc-anim-delay=\"\" data-dslc-anim-duration=\"650\"  data-dslc-anim-easing=\"ease\" data-dslc-preset=\"none\" >\n<div class=\"dslc-tp-content\"><\/div>\n<\/p><\/div>\n<p><!-- .dslc-module --><\/p>\n<div id=\"dslc-module-e928a43594b\" class=\"dslc-module-front dslc-module-DSLC_Separator dslc-in-viewport-check dslc-in-viewport-anim-none  dslc-col dslc-12-col dslc-last-col dslc-hide-on-phone  dslc-module-handle-like-regular \" data-module-id=\"e928a43594b\" data-module=\"DSLC_Separator\" data-dslc-module-size=\"12\" data-dslc-anim=\"none\" data-dslc-anim-delay=\"\" data-dslc-anim-duration=\"650\"  data-dslc-anim-easing=\"ease\" data-dslc-preset=\"none\" >\n<div class=\"dslc-separator-wrapper\">\n<div class=\"dslc-separator dslc-separator-style-invisible\">\n\t\t\t\t\t\t\t\t\t<\/div>\n<div><\/div>\n<\/p><\/div>\n<p><!-- .dslc-separator-wrapper --><\/p><\/div>\n<p><!-- .dslc-module -->\n\t\t<\/div>\n<div class=\"dslc-modules-area dslc-col dslc-1-col dslc-last-col\" data-size=\"1\" data-valign=\"\">\n<div id=\"dslc-module-e2f8bd590ae\" class=\"dslc-module-front dslc-module-DSLC_Text_Simple dslc-in-viewport-check dslc-in-viewport-anim-none  dslc-col dslc-12-col dslc-last-col dslc-hide-on-phone  dslc-module-handle-like-regular \" data-module-id=\"e2f8bd590ae\" data-module=\"DSLC_Text_Simple\" data-dslc-module-size=\"12\" data-dslc-anim=\"none\" data-dslc-anim-delay=\"\" data-dslc-anim-duration=\"650\"  data-dslc-anim-easing=\"ease\" data-dslc-preset=\"none\" >\n<div class=\"dslc-text-module-content\">\n<p>\u00a0<\/p>\n<p>\u00a0<\/p>\n<\/p><\/div>\n<\/p><\/div>\n<p><!-- .dslc-module -->\n\t\t<\/div>\n<\/div>\n<\/div>\n<\/div>\n<p><input type=\"hidden\" id=\"dslca-post-data-thumb\" value=\"https:\/\/explora.cl\/coquimbo\/wp-content\/uploads\/sites\/6\/2019\/04\/log_uta.png\" \/><\/p>\n","protected":false},"excerpt":{"rendered":"<p>\u00a0 \u00a0 Home \/ Coquimbo \/\u00a0Qui\u00e9nes Somos QUI\u00c9NES SOMOS Mersin&#8217;deki kaliteli eskort mersin bayanlar\u0131n\u0131 ke\u015ffedin ve Samsun&#8217;da atakent escort ile e\u011flenin. E\u015fsiz bir deneyim i\u00e7in escort anadolu yakas\u0131 bayanlar\u0131 ile tan\u0131\u015f\u0131n. Size \u00f6zel hizmetler burada! Harika bir istanbul elit escort etkinli\u011fi planlay\u0131n, sonra bak\u0131rk\u00f6y gece hayat\u0131 ile tan\u0131\u015farak geceyi bitirin. \u00a0 \u00a0<\/p>\n","protected":false},"author":2,"featured_media":33092,"parent":0,"menu_order":0,"comment_status":"closed","ping_status":"closed","template":"","meta":{"_acf_changed":false,"_exactmetrics_skip_tracking":false,"_exactmetrics_sitenote_active":false,"_exactmetrics_sitenote_note":"","_exactmetrics_sitenote_category":0,"footnotes":"","_links_to":"","_links_to_target":""},"class_list":["post-33076","page","type-page","status-publish","has-post-thumbnail","hentry"],"acf":[],"yoast_head":"<!-- This site is optimized with the Yoast SEO plugin v26.9 - https:\/\/yoast.com\/product\/yoast-seo-wordpress\/ -->\n<title>Qui\u00e9nes Somos - Coquimbo<\/title>\n<meta name=\"robots\" content=\"index, follow, max-snippet:-1, max-image-preview:large, max-video-preview:-1\" \/>\n<link rel=\"canonical\" href=\"https:\/\/explora.cl\/coquimbo\/quienes-somos\/\" class=\"yoast-seo-meta-tag\" \/>\n<meta property=\"og:locale\" content=\"es_ES\" class=\"yoast-seo-meta-tag\" \/>\n<meta property=\"og:type\" content=\"article\" class=\"yoast-seo-meta-tag\" \/>\n<meta property=\"og:title\" content=\"Qui\u00e9nes Somos - Coquimbo\" class=\"yoast-seo-meta-tag\" \/>\n<meta property=\"og:description\" content=\"\u00a0 \u00a0 Home \/ Coquimbo \/\u00a0Qui\u00e9nes Somos QUI\u00c9NES SOMOS Mersin&#8217;deki kaliteli eskort mersin bayanlar\u0131n\u0131 ke\u015ffedin ve Samsun&#8217;da atakent escort ile e\u011flenin. E\u015fsiz bir deneyim i\u00e7in escort anadolu yakas\u0131 bayanlar\u0131 ile tan\u0131\u015f\u0131n. Size \u00f6zel hizmetler burada! Harika bir istanbul elit escort etkinli\u011fi planlay\u0131n, sonra bak\u0131rk\u00f6y gece hayat\u0131 ile tan\u0131\u015farak geceyi bitirin. \u00a0 \u00a0\" class=\"yoast-seo-meta-tag\" \/>\n<meta property=\"og:url\" content=\"https:\/\/explora.cl\/coquimbo\/quienes-somos\/\" class=\"yoast-seo-meta-tag\" \/>\n<meta property=\"og:site_name\" content=\"Coquimbo\" class=\"yoast-seo-meta-tag\" \/>\n<meta property=\"article:modified_time\" content=\"2024-03-26T20:46:02+00:00\" class=\"yoast-seo-meta-tag\" \/>\n<meta property=\"og:image\" content=\"https:\/\/explora.cl\/coquimbo\/wp-content\/uploads\/sites\/6\/2019\/04\/log_uta.png\" class=\"yoast-seo-meta-tag\" \/>\n\t<meta property=\"og:image:width\" content=\"1485\" class=\"yoast-seo-meta-tag\" \/>\n\t<meta property=\"og:image:height\" content=\"1061\" class=\"yoast-seo-meta-tag\" \/>\n\t<meta property=\"og:image:type\" content=\"image\/png\" class=\"yoast-seo-meta-tag\" \/>\n<meta name=\"twitter:card\" content=\"summary_large_image\" class=\"yoast-seo-meta-tag\" \/>\n<script type=\"application\/ld+json\" class=\"yoast-schema-graph\">{\"@context\":\"https:\/\/schema.org\",\"@graph\":[{\"@type\":\"WebPage\",\"@id\":\"https:\/\/explora.cl\/coquimbo\/quienes-somos\/\",\"url\":\"https:\/\/explora.cl\/coquimbo\/quienes-somos\/\",\"name\":\"Qui\u00e9nes Somos - Coquimbo\",\"isPartOf\":{\"@id\":\"https:\/\/explora.cl\/coquimbo\/#website\"},\"primaryImageOfPage\":{\"@id\":\"https:\/\/explora.cl\/coquimbo\/quienes-somos\/#primaryimage\"},\"image\":{\"@id\":\"https:\/\/explora.cl\/coquimbo\/quienes-somos\/#primaryimage\"},\"thumbnailUrl\":\"https:\/\/explora.cl\/coquimbo\/wp-content\/uploads\/sites\/6\/2019\/04\/log_uta.png\",\"datePublished\":\"2019-04-10T03:33:44+00:00\",\"dateModified\":\"2024-03-26T20:46:02+00:00\",\"breadcrumb\":{\"@id\":\"https:\/\/explora.cl\/coquimbo\/quienes-somos\/#breadcrumb\"},\"inLanguage\":\"es-CL\",\"potentialAction\":[{\"@type\":\"ReadAction\",\"target\":[\"https:\/\/explora.cl\/coquimbo\/quienes-somos\/\"]}]},{\"@type\":\"ImageObject\",\"inLanguage\":\"es-CL\",\"@id\":\"https:\/\/explora.cl\/coquimbo\/quienes-somos\/#primaryimage\",\"url\":\"https:\/\/explora.cl\/coquimbo\/wp-content\/uploads\/sites\/6\/2019\/04\/log_uta.png\",\"contentUrl\":\"https:\/\/explora.cl\/coquimbo\/wp-content\/uploads\/sites\/6\/2019\/04\/log_uta.png\",\"width\":1485,\"height\":1061},{\"@type\":\"BreadcrumbList\",\"@id\":\"https:\/\/explora.cl\/coquimbo\/quienes-somos\/#breadcrumb\",\"itemListElement\":[{\"@type\":\"ListItem\",\"position\":1,\"name\":\"Portada\",\"item\":\"https:\/\/explora.cl\/coquimbo\/\"},{\"@type\":\"ListItem\",\"position\":2,\"name\":\"Qui\u00e9nes Somos\"}]},{\"@type\":\"WebSite\",\"@id\":\"https:\/\/explora.cl\/coquimbo\/#website\",\"url\":\"https:\/\/explora.cl\/coquimbo\/\",\"name\":\"Coquimbo\",\"description\":\"Otro sitio m\u00e1s de explora.cl\",\"publisher\":{\"@id\":\"https:\/\/explora.cl\/coquimbo\/#organization\"},\"potentialAction\":[{\"@type\":\"SearchAction\",\"target\":{\"@type\":\"EntryPoint\",\"urlTemplate\":\"https:\/\/explora.cl\/coquimbo\/?s={search_term_string}\"},\"query-input\":{\"@type\":\"PropertyValueSpecification\",\"valueRequired\":true,\"valueName\":\"search_term_string\"}}],\"inLanguage\":\"es-CL\"},{\"@type\":\"Organization\",\"@id\":\"https:\/\/explora.cl\/coquimbo\/#organization\",\"name\":\"Coquimbo\",\"url\":\"https:\/\/explora.cl\/coquimbo\/\",\"logo\":{\"@type\":\"ImageObject\",\"inLanguage\":\"es-CL\",\"@id\":\"https:\/\/explora.cl\/coquimbo\/#\/schema\/logo\/image\/\",\"url\":\"https:\/\/explora.cl\/coquimbo\/wp-content\/uploads\/sites\/6\/2020\/08\/cropped-Mesa-de-trabajo-1-100.jpg\",\"contentUrl\":\"https:\/\/explora.cl\/coquimbo\/wp-content\/uploads\/sites\/6\/2020\/08\/cropped-Mesa-de-trabajo-1-100.jpg\",\"width\":615,\"height\":576,\"caption\":\"Coquimbo\"},\"image\":{\"@id\":\"https:\/\/explora.cl\/coquimbo\/#\/schema\/logo\/image\/\"}}]}<\/script>\n<!-- \/ Yoast SEO plugin. -->","yoast_head_json":{"title":"Qui\u00e9nes Somos - Coquimbo","robots":{"index":"index","follow":"follow","max-snippet":"max-snippet:-1","max-image-preview":"max-image-preview:large","max-video-preview":"max-video-preview:-1"},"canonical":"https:\/\/explora.cl\/coquimbo\/quienes-somos\/","og_locale":"es_ES","og_type":"article","og_title":"Qui\u00e9nes Somos - Coquimbo","og_description":"\u00a0 \u00a0 Home \/ Coquimbo \/\u00a0Qui\u00e9nes Somos QUI\u00c9NES SOMOS Mersin&#8217;deki kaliteli eskort mersin bayanlar\u0131n\u0131 ke\u015ffedin ve Samsun&#8217;da atakent escort ile e\u011flenin. E\u015fsiz bir deneyim i\u00e7in escort anadolu yakas\u0131 bayanlar\u0131 ile tan\u0131\u015f\u0131n. Size \u00f6zel hizmetler burada! Harika bir istanbul elit escort etkinli\u011fi planlay\u0131n, sonra bak\u0131rk\u00f6y gece hayat\u0131 ile tan\u0131\u015farak geceyi bitirin. \u00a0 \u00a0","og_url":"https:\/\/explora.cl\/coquimbo\/quienes-somos\/","og_site_name":"Coquimbo","article_modified_time":"2024-03-26T20:46:02+00:00","og_image":[{"width":1485,"height":1061,"url":"https:\/\/explora.cl\/coquimbo\/wp-content\/uploads\/sites\/6\/2019\/04\/log_uta.png","type":"image\/png"}],"twitter_card":"summary_large_image","schema":{"@context":"https:\/\/schema.org","@graph":[{"@type":"WebPage","@id":"https:\/\/explora.cl\/coquimbo\/quienes-somos\/","url":"https:\/\/explora.cl\/coquimbo\/quienes-somos\/","name":"Qui\u00e9nes Somos - Coquimbo","isPartOf":{"@id":"https:\/\/explora.cl\/coquimbo\/#website"},"primaryImageOfPage":{"@id":"https:\/\/explora.cl\/coquimbo\/quienes-somos\/#primaryimage"},"image":{"@id":"https:\/\/explora.cl\/coquimbo\/quienes-somos\/#primaryimage"},"thumbnailUrl":"https:\/\/explora.cl\/coquimbo\/wp-content\/uploads\/sites\/6\/2019\/04\/log_uta.png","datePublished":"2019-04-10T03:33:44+00:00","dateModified":"2024-03-26T20:46:02+00:00","breadcrumb":{"@id":"https:\/\/explora.cl\/coquimbo\/quienes-somos\/#breadcrumb"},"inLanguage":"es-CL","potentialAction":[{"@type":"ReadAction","target":["https:\/\/explora.cl\/coquimbo\/quienes-somos\/"]}]},{"@type":"ImageObject","inLanguage":"es-CL","@id":"https:\/\/explora.cl\/coquimbo\/quienes-somos\/#primaryimage","url":"https:\/\/explora.cl\/coquimbo\/wp-content\/uploads\/sites\/6\/2019\/04\/log_uta.png","contentUrl":"https:\/\/explora.cl\/coquimbo\/wp-content\/uploads\/sites\/6\/2019\/04\/log_uta.png","width":1485,"height":1061},{"@type":"BreadcrumbList","@id":"https:\/\/explora.cl\/coquimbo\/quienes-somos\/#breadcrumb","itemListElement":[{"@type":"ListItem","position":1,"name":"Portada","item":"https:\/\/explora.cl\/coquimbo\/"},{"@type":"ListItem","position":2,"name":"Qui\u00e9nes Somos"}]},{"@type":"WebSite","@id":"https:\/\/explora.cl\/coquimbo\/#website","url":"https:\/\/explora.cl\/coquimbo\/","name":"Coquimbo","description":"Otro sitio m\u00e1s de explora.cl","publisher":{"@id":"https:\/\/explora.cl\/coquimbo\/#organization"},"potentialAction":[{"@type":"SearchAction","target":{"@type":"EntryPoint","urlTemplate":"https:\/\/explora.cl\/coquimbo\/?s={search_term_string}"},"query-input":{"@type":"PropertyValueSpecification","valueRequired":true,"valueName":"search_term_string"}}],"inLanguage":"es-CL"},{"@type":"Organization","@id":"https:\/\/explora.cl\/coquimbo\/#organization","name":"Coquimbo","url":"https:\/\/explora.cl\/coquimbo\/","logo":{"@type":"ImageObject","inLanguage":"es-CL","@id":"https:\/\/explora.cl\/coquimbo\/#\/schema\/logo\/image\/","url":"https:\/\/explora.cl\/coquimbo\/wp-content\/uploads\/sites\/6\/2020\/08\/cropped-Mesa-de-trabajo-1-100.jpg","contentUrl":"https:\/\/explora.cl\/coquimbo\/wp-content\/uploads\/sites\/6\/2020\/08\/cropped-Mesa-de-trabajo-1-100.jpg","width":615,"height":576,"caption":"Coquimbo"},"image":{"@id":"https:\/\/explora.cl\/coquimbo\/#\/schema\/logo\/image\/"}}]}},"_links":{"self":[{"href":"https:\/\/explora.cl\/coquimbo\/wp-json\/wp\/v2\/pages\/33076","targetHints":{"allow":["GET"]}}],"collection":[{"href":"https:\/\/explora.cl\/coquimbo\/wp-json\/wp\/v2\/pages"}],"about":[{"href":"https:\/\/explora.cl\/coquimbo\/wp-json\/wp\/v2\/types\/page"}],"author":[{"embeddable":true,"href":"https:\/\/explora.cl\/coquimbo\/wp-json\/wp\/v2\/users\/2"}],"replies":[{"embeddable":true,"href":"https:\/\/explora.cl\/coquimbo\/wp-json\/wp\/v2\/comments?post=33076"}],"version-history":[{"count":87,"href":"https:\/\/explora.cl\/coquimbo\/wp-json\/wp\/v2\/pages\/33076\/revisions"}],"predecessor-version":[{"id":43433,"href":"https:\/\/explora.cl\/coquimbo\/wp-json\/wp\/v2\/pages\/33076\/revisions\/43433"}],"wp:featuredmedia":[{"embeddable":true,"href":"https:\/\/explora.cl\/coquimbo\/wp-json\/wp\/v2\/media\/33092"}],"wp:attachment":[{"href":"https:\/\/explora.cl\/coquimbo\/wp-json\/wp\/v2\/media?parent=33076"}],"curies":[{"name":"wp","href":"https:\/\/api.w.org\/{rel}","templated":true}]}}