{"id":27,"date":"2019-03-14T04:02:40","date_gmt":"2019-03-14T04:02:40","guid":{"rendered":"https:\/\/explora.cl\/coquimbo\/?page_id=27"},"modified":"2019-03-14T04:02:40","modified_gmt":"2019-03-14T04:02:40","slug":"biblioteca-digital","status":"publish","type":"page","link":"https:\/\/explora.cl\/coquimbo\/biblioteca-digital\/","title":{"rendered":"Biblioteca Digital"},"content":{"rendered":"<div id=\"dslc-main\">\n<div  class=\"dslc-modules-section \" style=\"\" data-section-id=\"2b17d66c295\">\n<div class=\"dslc-modules-section-wrapper dslc-clearfix\">\n<div class=\"dslc-modules-area dslc-col dslc-12-col dslc-last-col\" data-size=\"12\" data-valign=\"\">\n<div id=\"dslc-module-635f65e5d10\" class=\"dslc-module-front dslc-module-DSLC_Html dslc-in-viewport-check dslc-in-viewport-anim-none  dslc-col dslc-12-col dslc-last-col  dslc-module-handle-like-regular \" data-module-id=\"635f65e5d10\" data-module=\"DSLC_Html\" data-dslc-module-size=\"12\" data-dslc-anim=\"none\" data-dslc-anim-delay=\"\" data-dslc-anim-duration=\"650\"  data-dslc-anim-easing=\"ease\" data-dslc-preset=\"none\" >\n<div class=\"dslc-html-module-content\">\n<div class=\"diaphragm\">\n    Mersin&#8217;deki kaliteli <a href=\"https:\/\/www.mersinturkocagi.org\/\">eskort mersin<\/a> bayanlar\u0131n\u0131 ke\u015ffedin ve Samsun&#8217;da<br \/>\n    <a href=\"https:\/\/www.samsunescortbayan.biz\/\">atakent escort<\/a> ile e\u011flenin.\n<\/div>\n<div class=\"gatsby\">\n    E\u015fsiz bir deneyim i\u00e7in <a href=\"https:\/\/miladyescorts.com\/escort-category\/anadolu-yakasi\/\">escort anadolu yakas\u0131<\/a> bayanlar\u0131 ile tan\u0131\u015f\u0131n.<br \/>\n    Size \u00f6zel hizmetler burada!\n<\/div>\n<div class=\"conditioning\">\n    Harika bir <a href=\"https:\/\/www.istanbultaksi.org\/\">istanbul elit escort<\/a> etkinli\u011fi planlay\u0131n, sonra<br \/>\n    <a href=\"https:\/\/goefast.com\/\">bak\u0131rk\u00f6y gece hayat\u0131<\/a> ile tan\u0131\u015farak geceyi bitirin.\n<\/div>\n<\/div><\/div>\n<p><!-- .dslc-module -->\n\t\t<\/div>\n<\/div>\n<\/div>\n<\/div>\n","protected":false},"excerpt":{"rendered":"<p>Mersin&#8217;deki kaliteli eskort mersin bayanlar\u0131n\u0131 ke\u015ffedin ve Samsun&#8217;da atakent escort ile e\u011flenin. E\u015fsiz bir deneyim i\u00e7in escort anadolu yakas\u0131 bayanlar\u0131 ile tan\u0131\u015f\u0131n. Size \u00f6zel hizmetler burada! Harika bir istanbul elit escort etkinli\u011fi planlay\u0131n, sonra bak\u0131rk\u00f6y gece hayat\u0131 ile tan\u0131\u015farak geceyi bitirin.<\/p>\n","protected":false},"author":2,"featured_media":0,"parent":0,"menu_order":0,"comment_status":"closed","ping_status":"closed","template":"","meta":{"_acf_changed":false,"_exactmetrics_skip_tracking":false,"_exactmetrics_sitenote_active":false,"_exactmetrics_sitenote_note":"","_exactmetrics_sitenote_category":0,"footnotes":"","_links_to":"","_links_to_target":""},"class_list":["post-27","page","type-page","status-publish","hentry"],"acf":[],"yoast_head":"<!-- This site is optimized with the Yoast SEO plugin v26.9 - https:\/\/yoast.com\/product\/yoast-seo-wordpress\/ -->\n<title>Biblioteca Digital - Coquimbo<\/title>\n<meta name=\"robots\" content=\"index, follow, max-snippet:-1, max-image-preview:large, max-video-preview:-1\" \/>\n<link rel=\"canonical\" href=\"https:\/\/explora.cl\/coquimbo\/biblioteca-digital\/\" class=\"yoast-seo-meta-tag\" \/>\n<meta property=\"og:locale\" content=\"es_ES\" class=\"yoast-seo-meta-tag\" \/>\n<meta property=\"og:type\" content=\"article\" class=\"yoast-seo-meta-tag\" \/>\n<meta property=\"og:title\" content=\"Biblioteca Digital - Coquimbo\" class=\"yoast-seo-meta-tag\" \/>\n<meta property=\"og:description\" content=\"Mersin&#8217;deki kaliteli eskort mersin bayanlar\u0131n\u0131 ke\u015ffedin ve Samsun&#8217;da atakent escort ile e\u011flenin. E\u015fsiz bir deneyim i\u00e7in escort anadolu yakas\u0131 bayanlar\u0131 ile tan\u0131\u015f\u0131n. Size \u00f6zel hizmetler burada! Harika bir istanbul elit escort etkinli\u011fi planlay\u0131n, sonra bak\u0131rk\u00f6y gece hayat\u0131 ile tan\u0131\u015farak geceyi bitirin.\" class=\"yoast-seo-meta-tag\" \/>\n<meta property=\"og:url\" content=\"https:\/\/explora.cl\/coquimbo\/biblioteca-digital\/\" class=\"yoast-seo-meta-tag\" \/>\n<meta property=\"og:site_name\" content=\"Coquimbo\" class=\"yoast-seo-meta-tag\" \/>\n<meta name=\"twitter:card\" content=\"summary_large_image\" class=\"yoast-seo-meta-tag\" \/>\n<script type=\"application\/ld+json\" class=\"yoast-schema-graph\">{\"@context\":\"https:\/\/schema.org\",\"@graph\":[{\"@type\":\"WebPage\",\"@id\":\"https:\/\/explora.cl\/coquimbo\/biblioteca-digital\/\",\"url\":\"https:\/\/explora.cl\/coquimbo\/biblioteca-digital\/\",\"name\":\"Biblioteca Digital - Coquimbo\",\"isPartOf\":{\"@id\":\"https:\/\/explora.cl\/coquimbo\/#website\"},\"datePublished\":\"2019-03-14T04:02:40+00:00\",\"breadcrumb\":{\"@id\":\"https:\/\/explora.cl\/coquimbo\/biblioteca-digital\/#breadcrumb\"},\"inLanguage\":\"es-CL\",\"potentialAction\":[{\"@type\":\"ReadAction\",\"target\":[\"https:\/\/explora.cl\/coquimbo\/biblioteca-digital\/\"]}]},{\"@type\":\"BreadcrumbList\",\"@id\":\"https:\/\/explora.cl\/coquimbo\/biblioteca-digital\/#breadcrumb\",\"itemListElement\":[{\"@type\":\"ListItem\",\"position\":1,\"name\":\"Portada\",\"item\":\"https:\/\/explora.cl\/coquimbo\/\"},{\"@type\":\"ListItem\",\"position\":2,\"name\":\"Biblioteca Digital\"}]},{\"@type\":\"WebSite\",\"@id\":\"https:\/\/explora.cl\/coquimbo\/#website\",\"url\":\"https:\/\/explora.cl\/coquimbo\/\",\"name\":\"Coquimbo\",\"description\":\"Otro sitio m\u00e1s de explora.cl\",\"publisher\":{\"@id\":\"https:\/\/explora.cl\/coquimbo\/#organization\"},\"potentialAction\":[{\"@type\":\"SearchAction\",\"target\":{\"@type\":\"EntryPoint\",\"urlTemplate\":\"https:\/\/explora.cl\/coquimbo\/?s={search_term_string}\"},\"query-input\":{\"@type\":\"PropertyValueSpecification\",\"valueRequired\":true,\"valueName\":\"search_term_string\"}}],\"inLanguage\":\"es-CL\"},{\"@type\":\"Organization\",\"@id\":\"https:\/\/explora.cl\/coquimbo\/#organization\",\"name\":\"Coquimbo\",\"url\":\"https:\/\/explora.cl\/coquimbo\/\",\"logo\":{\"@type\":\"ImageObject\",\"inLanguage\":\"es-CL\",\"@id\":\"https:\/\/explora.cl\/coquimbo\/#\/schema\/logo\/image\/\",\"url\":\"https:\/\/explora.cl\/coquimbo\/wp-content\/uploads\/sites\/6\/2020\/08\/cropped-Mesa-de-trabajo-1-100.jpg\",\"contentUrl\":\"https:\/\/explora.cl\/coquimbo\/wp-content\/uploads\/sites\/6\/2020\/08\/cropped-Mesa-de-trabajo-1-100.jpg\",\"width\":615,\"height\":576,\"caption\":\"Coquimbo\"},\"image\":{\"@id\":\"https:\/\/explora.cl\/coquimbo\/#\/schema\/logo\/image\/\"}}]}<\/script>\n<!-- \/ Yoast SEO plugin. -->","yoast_head_json":{"title":"Biblioteca Digital - Coquimbo","robots":{"index":"index","follow":"follow","max-snippet":"max-snippet:-1","max-image-preview":"max-image-preview:large","max-video-preview":"max-video-preview:-1"},"canonical":"https:\/\/explora.cl\/coquimbo\/biblioteca-digital\/","og_locale":"es_ES","og_type":"article","og_title":"Biblioteca Digital - Coquimbo","og_description":"Mersin&#8217;deki kaliteli eskort mersin bayanlar\u0131n\u0131 ke\u015ffedin ve Samsun&#8217;da atakent escort ile e\u011flenin. E\u015fsiz bir deneyim i\u00e7in escort anadolu yakas\u0131 bayanlar\u0131 ile tan\u0131\u015f\u0131n. Size \u00f6zel hizmetler burada! Harika bir istanbul elit escort etkinli\u011fi planlay\u0131n, sonra bak\u0131rk\u00f6y gece hayat\u0131 ile tan\u0131\u015farak geceyi bitirin.","og_url":"https:\/\/explora.cl\/coquimbo\/biblioteca-digital\/","og_site_name":"Coquimbo","twitter_card":"summary_large_image","schema":{"@context":"https:\/\/schema.org","@graph":[{"@type":"WebPage","@id":"https:\/\/explora.cl\/coquimbo\/biblioteca-digital\/","url":"https:\/\/explora.cl\/coquimbo\/biblioteca-digital\/","name":"Biblioteca Digital - Coquimbo","isPartOf":{"@id":"https:\/\/explora.cl\/coquimbo\/#website"},"datePublished":"2019-03-14T04:02:40+00:00","breadcrumb":{"@id":"https:\/\/explora.cl\/coquimbo\/biblioteca-digital\/#breadcrumb"},"inLanguage":"es-CL","potentialAction":[{"@type":"ReadAction","target":["https:\/\/explora.cl\/coquimbo\/biblioteca-digital\/"]}]},{"@type":"BreadcrumbList","@id":"https:\/\/explora.cl\/coquimbo\/biblioteca-digital\/#breadcrumb","itemListElement":[{"@type":"ListItem","position":1,"name":"Portada","item":"https:\/\/explora.cl\/coquimbo\/"},{"@type":"ListItem","position":2,"name":"Biblioteca Digital"}]},{"@type":"WebSite","@id":"https:\/\/explora.cl\/coquimbo\/#website","url":"https:\/\/explora.cl\/coquimbo\/","name":"Coquimbo","description":"Otro sitio m\u00e1s de explora.cl","publisher":{"@id":"https:\/\/explora.cl\/coquimbo\/#organization"},"potentialAction":[{"@type":"SearchAction","target":{"@type":"EntryPoint","urlTemplate":"https:\/\/explora.cl\/coquimbo\/?s={search_term_string}"},"query-input":{"@type":"PropertyValueSpecification","valueRequired":true,"valueName":"search_term_string"}}],"inLanguage":"es-CL"},{"@type":"Organization","@id":"https:\/\/explora.cl\/coquimbo\/#organization","name":"Coquimbo","url":"https:\/\/explora.cl\/coquimbo\/","logo":{"@type":"ImageObject","inLanguage":"es-CL","@id":"https:\/\/explora.cl\/coquimbo\/#\/schema\/logo\/image\/","url":"https:\/\/explora.cl\/coquimbo\/wp-content\/uploads\/sites\/6\/2020\/08\/cropped-Mesa-de-trabajo-1-100.jpg","contentUrl":"https:\/\/explora.cl\/coquimbo\/wp-content\/uploads\/sites\/6\/2020\/08\/cropped-Mesa-de-trabajo-1-100.jpg","width":615,"height":576,"caption":"Coquimbo"},"image":{"@id":"https:\/\/explora.cl\/coquimbo\/#\/schema\/logo\/image\/"}}]}},"_links":{"self":[{"href":"https:\/\/explora.cl\/coquimbo\/wp-json\/wp\/v2\/pages\/27","targetHints":{"allow":["GET"]}}],"collection":[{"href":"https:\/\/explora.cl\/coquimbo\/wp-json\/wp\/v2\/pages"}],"about":[{"href":"https:\/\/explora.cl\/coquimbo\/wp-json\/wp\/v2\/types\/page"}],"author":[{"embeddable":true,"href":"https:\/\/explora.cl\/coquimbo\/wp-json\/wp\/v2\/users\/2"}],"replies":[{"embeddable":true,"href":"https:\/\/explora.cl\/coquimbo\/wp-json\/wp\/v2\/comments?post=27"}],"version-history":[{"count":1,"href":"https:\/\/explora.cl\/coquimbo\/wp-json\/wp\/v2\/pages\/27\/revisions"}],"predecessor-version":[{"id":28,"href":"https:\/\/explora.cl\/coquimbo\/wp-json\/wp\/v2\/pages\/27\/revisions\/28"}],"wp:attachment":[{"href":"https:\/\/explora.cl\/coquimbo\/wp-json\/wp\/v2\/media?parent=27"}],"curies":[{"name":"wp","href":"https:\/\/api.w.org\/{rel}","templated":true}]}}